{"id":41,"date":"2025-05-19T09:56:43","date_gmt":"2025-05-19T09:56:43","guid":{"rendered":"https:\/\/mintcream-louse-751971.hostingersite.com\/?page_id=41"},"modified":"2025-06-30T10:52:45","modified_gmt":"2025-06-30T10:52:45","slug":"accueil-orchestre-bahamas","status":"publish","type":"page","link":"https:\/\/mintcream-louse-751971.hostingersite.com\/","title":{"rendered":"Accueil"},"content":{"rendered":"\t\t<div data-elementor-type=\"wp-page\" data-elementor-id=\"41\" class=\"elementor elementor-41\">\n\t\t\t\t<div class=\"elementor-element elementor-element-778fc99 e-con-full animated-slow e-flex wpr-particle-no wpr-jarallax-no wpr-parallax-no wpr-sticky-section-no elementor-invisible e-con e-parent\" data-id=\"778fc99\" data-element_type=\"container\" data-settings=\"{&quot;animation&quot;:&quot;zoomIn&quot;}\">\n\t\t\t\t<\/div>\n\t\t<div class=\"elementor-element elementor-element-1bfd79e e-flex e-con-boxed wpr-particle-no wpr-jarallax-no wpr-parallax-no wpr-sticky-section-no e-con e-parent\" data-id=\"1bfd79e\" data-element_type=\"container\" data-settings=\"{&quot;background_background&quot;:&quot;classic&quot;}\">\n\t\t\t\t\t<div class=\"e-con-inner\">\n\t\t\t\t<div class=\"elementor-element elementor-element-9ed27d6 elementor-widget elementor-widget-text-editor\" data-id=\"9ed27d6\" data-element_type=\"widget\" data-widget_type=\"text-editor.default\">\n\t\t\t\t<div class=\"elementor-widget-container\">\n\t\t\t\t\t\t\t\t\t<h1 style=\"text-align: center;\"><span style=\"vertical-align: inherit;\"><span style=\"vertical-align: inherit;\"><span style=\"vertical-align: inherit;\"><span style=\"vertical-align: inherit;\"><span style=\"vertical-align: inherit;\"><span style=\"vertical-align: inherit;\"><span style=\"vertical-align: inherit;\"><span style=\"vertical-align: inherit;\"><span style=\"vertical-align: inherit;\"><span style=\"vertical-align: inherit;\"><span style=\"vertical-align: inherit;\"><span style=\"vertical-align: inherit;\"><span style=\"vertical-align: inherit;\"><span style=\"vertical-align: inherit;\"><span style=\"vertical-align: inherit;\"><span style=\"vertical-align: inherit;\"><span style=\"vertical-align: inherit;\"><span style=\"vertical-align: inherit;\"><span style=\"vertical-align: inherit;\"><span style=\"vertical-align: inherit;\"><span style=\"vertical-align: inherit;\">L&rsquo;Orchestre Bahamas : Une passion pour <\/span><\/span><\/span><\/span><br \/><\/span><\/span><\/span><\/span><span style=\"vertical-align: inherit;\"><span style=\"vertical-align: inherit;\"><span style=\"vertical-align: inherit;\"><span style=\"vertical-align: inherit;\"><span style=\"vertical-align: inherit;\"><span style=\"vertical-align: inherit;\"><span style=\"vertical-align: inherit;\"><span style=\"vertical-align: inherit;\">la musique live depuis plus de 20 ans<\/span><\/span><\/span><\/span><\/span><\/span><\/span><\/span><\/span><\/span><\/span><\/span><\/span><\/span><\/span><\/span><\/span><\/span><\/span><\/span><\/span><\/h1>\t\t\t\t\t\t\t\t<\/div>\n\t\t\t\t<\/div>\n\t\t\t\t\t<\/div>\n\t\t\t\t<\/div>\n\t\t<div class=\"elementor-element elementor-element-61c8039 e-flex e-con-boxed wpr-particle-no wpr-jarallax-no wpr-parallax-no wpr-sticky-section-no e-con e-parent\" data-id=\"61c8039\" data-element_type=\"container\" data-settings=\"{&quot;background_background&quot;:&quot;classic&quot;}\">\n\t\t\t\t\t<div class=\"e-con-inner\">\n\t\t\t\t<div class=\"elementor-element elementor-element-8700dc0 elementor-widget__width-initial elementor-widget elementor-widget-text-editor\" data-id=\"8700dc0\" data-element_type=\"widget\" data-widget_type=\"text-editor.default\">\n\t\t\t\t<div class=\"elementor-widget-container\">\n\t\t\t\t\t\t\t\t\t<p><span style=\"vertical-align: inherit;\"><span style=\"vertical-align: inherit;\"><span style=\"vertical-align: inherit;\"><span style=\"vertical-align: inherit;\"><span style=\"vertical-align: inherit;\"><span style=\"vertical-align: inherit;\"><span style=\"vertical-align: inherit;\"><span style=\"vertical-align: inherit;\"><span style=\"vertical-align: inherit;\"><span style=\"vertical-align: inherit;\"><span style=\"vertical-align: inherit;\"><span style=\"vertical-align: inherit;\">Bienvenue sur le site officiel de L&rsquo;Orchestre Bahamas ! Depuis plusieurs ann\u00e9es, notre formation musicale professionnelle se distingue sur les sc\u00e8nes des Pays de la Loire, de la Vend\u00e9e, et bien au-del\u00e0. Anim\u00e9 par une passion commune pour la musique, le spectacle vivant et le partage, l&rsquo;Orchestre Bahamas propose <a href=\"https:\/\/www.facebook.com\/p\/Orchestre-Bahamas-100041518577628\/?locale=fr_FR\" target=\"_blank\" rel=\"noopener\">une exp\u00e9rience musicale authentique, conviviale et 100% live<\/a>. Nous transformons vos \u00e9v\u00e9nements en v\u00e9ritables moments de f\u00eate, de joie et d&rsquo;\u00e9motions partag\u00e9es.<\/span><\/span><\/span><\/span><\/span><\/span><\/span><\/span><\/span><\/span><\/span><\/span><\/p>\t\t\t\t\t\t\t\t<\/div>\n\t\t\t\t<\/div>\n\t\t\t\t\t<\/div>\n\t\t\t\t<\/div>\n\t\t<div class=\"elementor-element elementor-element-6912c49 e-flex e-con-boxed wpr-particle-no wpr-jarallax-no wpr-parallax-no wpr-sticky-section-no e-con e-parent\" data-id=\"6912c49\" data-element_type=\"container\">\n\t\t\t\t\t<div class=\"e-con-inner\">\n\t\t<div class=\"elementor-element elementor-element-0f7959e e-con-full e-flex wpr-particle-no wpr-jarallax-no wpr-parallax-no wpr-sticky-section-no e-con e-child\" data-id=\"0f7959e\" data-element_type=\"container\">\n\t\t\t\t<\/div>\n\t\t<div class=\"elementor-element elementor-element-56f4ca2 e-con-full e-flex wpr-particle-no wpr-jarallax-no wpr-parallax-no wpr-sticky-section-no e-con e-child\" data-id=\"56f4ca2\" data-element_type=\"container\">\n\t\t\t\t<div class=\"elementor-element elementor-element-34ac107 elementor-widget elementor-widget-text-editor\" data-id=\"34ac107\" data-element_type=\"widget\" data-widget_type=\"text-editor.default\">\n\t\t\t\t<div class=\"elementor-widget-container\">\n\t\t\t\t\t\t\t\t\t<p>Nous proposons des formules modulables selon votre soir\u00e9e et votre budget, avec notre \u00e9quipe de 5 artistes (4 musiciens\/chanteurs et 1 chanteuse), pouvant \u00eatre enrichie de danseuses-chanteuses ou musiciens suppl\u00e9mentaires..<span style=\"vertical-align: inherit;\">.\u00a0<\/span><\/p><p>Que vous soyez un particulier, une entreprise, une collectivit\u00e9 ou une association, l&rsquo;Orchestre Bahamas vous accompagne dans l&rsquo;organisation de vos \u00e9v\u00e9nements festifs : mariage, anniversaire, bal populaire, concert priv\u00e9, inauguration, gala, \u00e9v\u00e9nement municipal, f\u00eate d&rsquo;entreprise, etc.<\/p>\t\t\t\t\t\t\t\t<\/div>\n\t\t\t\t<\/div>\n\t\t\t\t<div class=\"elementor-element elementor-element-30ddf42 elementor-widget elementor-widget-text-editor\" data-id=\"30ddf42\" data-element_type=\"widget\" data-widget_type=\"text-editor.default\">\n\t\t\t\t<div class=\"elementor-widget-container\">\n\t\t\t\t\t\t\t\t\t<p><br \/>Notre r\u00e9pertoire est volontairement \u00e9clectique : <span style=\"color: #ffff00;\"><a style=\"color: #ffff00;\" href=\"https:\/\/mintcream-louse-751971.hostingersite.com\/?page_id=36\">vari\u00e9t\u00e9s fran\u00e7aises et internationales, rock, disco, funk, musette, pop, \u00e9lectro, tubes d&rsquo;hier et d&rsquo;aujourd&rsquo;hui\u2026<\/a><\/span><\/p><p>Il \u00e9volue au fil du temps pour rester toujours actuel et pertinent. Chaque titre est soigneusement arrang\u00e9 pour la sc\u00e8ne, afin d&rsquo;offrir une prestation sonore et visuelle de haute qualit\u00e9.<\/p><p>Gr\u00e2ce \u00e0 un mat\u00e9riel technique professionnel et \u00e0 une \u00e9quipe technique r\u00e9active, nous garantissons une prestation fluide, immersive et \u00e0 la hauteur de vos attentes.<\/p>\t\t\t\t\t\t\t\t<\/div>\n\t\t\t\t<\/div>\n\t\t\t\t<\/div>\n\t\t\t\t\t<\/div>\n\t\t\t\t<\/div>\n\t\t<div class=\"elementor-element elementor-element-b4cd97a e-flex e-con-boxed wpr-particle-no wpr-jarallax-no wpr-parallax-no wpr-sticky-section-no e-con e-parent\" data-id=\"b4cd97a\" data-element_type=\"container\" data-settings=\"{&quot;background_background&quot;:&quot;classic&quot;}\">\n\t\t\t\t\t<div class=\"e-con-inner\">\n\t\t\t\t<div class=\"elementor-element elementor-element-4487e1b elementor-widget elementor-widget-text-editor\" data-id=\"4487e1b\" data-element_type=\"widget\" data-widget_type=\"text-editor.default\">\n\t\t\t\t<div class=\"elementor-widget-container\">\n\t\t\t\t\t\t\t\t\t<p><span style=\"color: #ffff00;\">L\u2019Orchestre BAHAMAS<\/span> adapte son mat\u00e9riel de sc\u00e8ne en fonction de chaque \u00e9v\u00e9nement. Selon la taille de la salle, du public et le budget disponible, l\u2019\u00e9quipement sonore et lumineux est modul\u00e9 pour garantir une prestation optimale. Du set intimiste au show grand format, l\u2019\u00e9quipe ajuste la puissance, les effets et la sc\u00e9nographie. Gr\u00e2ce \u00e0 une logistique ma\u00eetris\u00e9e et un mat\u00e9riel professionnel, chaque soir\u00e9e b\u00e9n\u00e9ficie d\u2019un rendu visuel et sonore soign\u00e9, \u00e0 la hauteur des attentes, qu\u2019il s\u2019agisse d\u2019un bal, concert ou \u00e9v\u00e9nement priv\u00e9.<\/p>\t\t\t\t\t\t\t\t<\/div>\n\t\t\t\t<\/div>\n\t\t\t\t\t<\/div>\n\t\t\t\t<\/div>\n\t\t\t\t<\/div>\n\t\t","protected":false},"excerpt":{"rendered":"<p>L&rsquo;Orchestre Bahamas : Une passion pour la musique live depuis plus de 20 ans Bienvenue sur le site officiel de L&rsquo;Orchestre Bahamas ! Depuis plusieurs ann\u00e9es, notre formation musicale professionnelle se distingue sur les sc\u00e8nes des Pays de la Loire, de la Vend\u00e9e, et bien au-del\u00e0. Anim\u00e9 par une passion commune pour la musique, le spectacle vivant et le partage, l&rsquo;Orchestre Bahamas propose une exp\u00e9rience musicale authentique, conviviale et 100% live. Nous transformons vos \u00e9v\u00e9nements en v\u00e9ritables moments de f\u00eate, de joie et d&rsquo;\u00e9motions partag\u00e9es. Nous proposons des formules modulables selon votre soir\u00e9e et votre budget, avec notre \u00e9quipe de 5 artistes (4 musiciens\/chanteurs et 1 chanteuse), pouvant \u00eatre enrichie de danseuses-chanteuses ou musiciens suppl\u00e9mentaires&#8230;\u00a0 Que vous soyez un particulier, une entreprise, une collectivit\u00e9 ou une association, l&rsquo;Orchestre Bahamas vous accompagne dans l&rsquo;organisation de vos \u00e9v\u00e9nements festifs : mariage, anniversaire, bal populaire, concert priv\u00e9, inauguration, gala, \u00e9v\u00e9nement municipal, f\u00eate d&rsquo;entreprise, etc. Notre r\u00e9pertoire est volontairement \u00e9clectique : vari\u00e9t\u00e9s fran\u00e7aises et internationales, rock, disco, funk, musette, pop, \u00e9lectro, tubes d&rsquo;hier et d&rsquo;aujourd&rsquo;hui\u2026 Il \u00e9volue au fil du temps pour rester toujours actuel et pertinent. Chaque titre est soigneusement arrang\u00e9 pour la sc\u00e8ne, afin d&rsquo;offrir une prestation sonore et visuelle de haute qualit\u00e9. Gr\u00e2ce \u00e0 un mat\u00e9riel technique professionnel et \u00e0 une \u00e9quipe technique r\u00e9active, nous garantissons une prestation fluide, immersive et \u00e0 la hauteur de vos attentes. L\u2019Orchestre BAHAMAS adapte son mat\u00e9riel de sc\u00e8ne en fonction de chaque \u00e9v\u00e9nement. Selon la taille de la salle, du public et le budget disponible, l\u2019\u00e9quipement sonore et lumineux est modul\u00e9 pour garantir une prestation optimale. Du set intimiste au show grand format, l\u2019\u00e9quipe ajuste la puissance, les effets et la sc\u00e9nographie. Gr\u00e2ce \u00e0 une logistique ma\u00eetris\u00e9e et un mat\u00e9riel professionnel, chaque soir\u00e9e b\u00e9n\u00e9ficie d\u2019un rendu visuel et sonore soign\u00e9, \u00e0 la hauteur des attentes, qu\u2019il s\u2019agisse d\u2019un bal, concert ou \u00e9v\u00e9nement priv\u00e9.<\/p>\n","protected":false},"author":1,"featured_media":10,"parent":0,"menu_order":0,"comment_status":"closed","ping_status":"closed","template":"","meta":{"footnotes":""},"class_list":["post-41","page","type-page","status-publish","has-post-thumbnail","hentry"],"yoast_head":"<!-- This site is optimized with the Yoast SEO plugin v27.5 - https:\/\/yoast.com\/product\/yoast-seo-wordpress\/ -->\n<title>L&#039;Orchestre Bahamas en VEND\u00c9E : Bals, Mariages, Ev\u00e8nementiels<\/title>\n<meta name=\"description\" content=\"L\u2019Orchestre Bahamas: Une passion pour la musique live, les Bals populaires, depuis 20 ans sur les routes de Vend\u00e9e et partout en France.\" \/>\n<meta name=\"robots\" content=\"index, follow, max-snippet:-1, max-image-preview:large, max-video-preview:-1\" \/>\n<link rel=\"canonical\" href=\"https:\/\/mintcream-louse-751971.hostingersite.com\/\" \/>\n<meta property=\"og:locale\" content=\"fr_FR\" \/>\n<meta property=\"og:type\" content=\"article\" \/>\n<meta property=\"og:title\" content=\"L&#039;Orchestre Bahamas en VEND\u00c9E : Bals, Mariages, Ev\u00e8nementiels\" \/>\n<meta property=\"og:description\" content=\"L&#039;Orchestre Bahamas en concert live, sc\u00e8ne ext\u00e9rieure pour Bal populaire et soir\u00e9es associatives\" \/>\n<meta property=\"og:url\" content=\"https:\/\/mintcream-louse-751971.hostingersite.com\/\" \/>\n<meta property=\"og:site_name\" content=\"Orchestre de VEND\u00c9E BAHAMAS - Orchestre Bahamas : Mariage, bals, noces, vari\u00e9t\u00e9s - Vend\u00e9e Pays de la Loire \u00e0 Palluau (85)\" \/>\n<meta property=\"article:publisher\" content=\"https:\/\/www.facebook.com\/p\/Orchestre-Bahamas-100041518577628\/?locale=fr_FR\" \/>\n<meta property=\"article:modified_time\" content=\"2025-06-30T10:52:45+00:00\" \/>\n<meta property=\"og:image\" content=\"https:\/\/mintcream-louse-751971.hostingersite.com\/wp-content\/uploads\/2025\/06\/logo2025.png\" \/>\n\t<meta property=\"og:image:width\" content=\"453\" \/>\n\t<meta property=\"og:image:height\" content=\"243\" \/>\n\t<meta property=\"og:image:type\" content=\"image\/png\" \/>\n<meta name=\"twitter:card\" content=\"summary_large_image\" \/>\n<meta name=\"twitter:label1\" content=\"Dur\u00e9e de lecture estim\u00e9e\" \/>\n\t<meta name=\"twitter:data1\" content=\"2 minutes\" \/>\n<script type=\"application\/ld+json\" class=\"yoast-schema-graph\">{\"@context\":\"https:\\\/\\\/schema.org\",\"@graph\":[{\"@type\":\"WebPage\",\"@id\":\"https:\\\/\\\/mintcream-louse-751971.hostingersite.com\\\/\",\"url\":\"https:\\\/\\\/mintcream-louse-751971.hostingersite.com\\\/\",\"name\":\"L'Orchestre Bahamas en VEND\u00c9E : Bals, Mariages, Ev\u00e8nementiels\",\"isPartOf\":{\"@id\":\"https:\\\/\\\/mintcream-louse-751971.hostingersite.com\\\/#website\"},\"primaryImageOfPage\":{\"@id\":\"https:\\\/\\\/mintcream-louse-751971.hostingersite.com\\\/#primaryimage\"},\"image\":{\"@id\":\"https:\\\/\\\/mintcream-louse-751971.hostingersite.com\\\/#primaryimage\"},\"thumbnailUrl\":\"https:\\\/\\\/mintcream-louse-751971.hostingersite.com\\\/wp-content\\\/uploads\\\/2025\\\/05\\\/Logo-Bahamas-2025.png\",\"datePublished\":\"2025-05-19T09:56:43+00:00\",\"dateModified\":\"2025-06-30T10:52:45+00:00\",\"description\":\"L\u2019Orchestre Bahamas: Une passion pour la musique live, les Bals populaires, depuis 20 ans sur les routes de Vend\u00e9e et partout en France.\",\"breadcrumb\":{\"@id\":\"https:\\\/\\\/mintcream-louse-751971.hostingersite.com\\\/#breadcrumb\"},\"inLanguage\":\"fr-FR\",\"potentialAction\":[{\"@type\":\"ReadAction\",\"target\":[\"https:\\\/\\\/mintcream-louse-751971.hostingersite.com\\\/\"]}]},{\"@type\":\"ImageObject\",\"inLanguage\":\"fr-FR\",\"@id\":\"https:\\\/\\\/mintcream-louse-751971.hostingersite.com\\\/#primaryimage\",\"url\":\"https:\\\/\\\/mintcream-louse-751971.hostingersite.com\\\/wp-content\\\/uploads\\\/2025\\\/05\\\/Logo-Bahamas-2025.png\",\"contentUrl\":\"https:\\\/\\\/mintcream-louse-751971.hostingersite.com\\\/wp-content\\\/uploads\\\/2025\\\/05\\\/Logo-Bahamas-2025.png\",\"width\":461,\"height\":187,\"caption\":\"Bal Populaire, mariage, concert, \u00e9v\u00e8nementiel d'entreprise, soir\u00e9e associative.\"},{\"@type\":\"BreadcrumbList\",\"@id\":\"https:\\\/\\\/mintcream-louse-751971.hostingersite.com\\\/#breadcrumb\",\"itemListElement\":[{\"@type\":\"ListItem\",\"position\":1,\"name\":\"Accueil\",\"item\":\"https:\\\/\\\/mintcream-louse-751971.hostingersite.com\\\/\"},{\"@type\":\"ListItem\",\"position\":2,\"name\":\"Accueil\"}]},{\"@type\":\"WebSite\",\"@id\":\"https:\\\/\\\/mintcream-louse-751971.hostingersite.com\\\/#website\",\"url\":\"https:\\\/\\\/mintcream-louse-751971.hostingersite.com\\\/\",\"name\":\"L'Orchestre Bahamas : Mariage, bals, noces, vari\u00e9t\u00e9s - Vend\u00e9e Pays de la Loire \u00e0 Palluau (85)\",\"description\":\"\",\"publisher\":{\"@id\":\"https:\\\/\\\/mintcream-louse-751971.hostingersite.com\\\/#organization\"},\"potentialAction\":[{\"@type\":\"SearchAction\",\"target\":{\"@type\":\"EntryPoint\",\"urlTemplate\":\"https:\\\/\\\/mintcream-louse-751971.hostingersite.com\\\/?s={search_term_string}\"},\"query-input\":{\"@type\":\"PropertyValueSpecification\",\"valueRequired\":true,\"valueName\":\"search_term_string\"}}],\"inLanguage\":\"fr-FR\"},{\"@type\":\"Organization\",\"@id\":\"https:\\\/\\\/mintcream-louse-751971.hostingersite.com\\\/#organization\",\"name\":\"L'Orchestre Bahamas en VEND\u00c9E - L'Orchestre Bahamas : Mariage, bals, noces, vari\u00e9t\u00e9s - Vend\u00e9e Pays de la Loire \u00e0 Palluau (85)\",\"url\":\"https:\\\/\\\/mintcream-louse-751971.hostingersite.com\\\/\",\"logo\":{\"@type\":\"ImageObject\",\"inLanguage\":\"fr-FR\",\"@id\":\"https:\\\/\\\/mintcream-louse-751971.hostingersite.com\\\/#\\\/schema\\\/logo\\\/image\\\/\",\"url\":\"https:\\\/\\\/mintcream-louse-751971.hostingersite.com\\\/wp-content\\\/uploads\\\/2025\\\/06\\\/logo2025.png\",\"contentUrl\":\"https:\\\/\\\/mintcream-louse-751971.hostingersite.com\\\/wp-content\\\/uploads\\\/2025\\\/06\\\/logo2025.png\",\"width\":453,\"height\":243,\"caption\":\"L'Orchestre Bahamas en VEND\u00c9E - L'Orchestre Bahamas : Mariage, bals, noces, vari\u00e9t\u00e9s - Vend\u00e9e Pays de la Loire \u00e0 Palluau (85)\"},\"image\":{\"@id\":\"https:\\\/\\\/mintcream-louse-751971.hostingersite.com\\\/#\\\/schema\\\/logo\\\/image\\\/\"},\"sameAs\":[\"https:\\\/\\\/www.facebook.com\\\/p\\\/Orchestre-Bahamas-100041518577628\\\/?locale=fr_FR\"]}]}<\/script>\n<!-- \/ Yoast SEO plugin. -->","yoast_head_json":{"title":"L'Orchestre Bahamas en VEND\u00c9E : Bals, Mariages, Ev\u00e8nementiels","description":"L\u2019Orchestre Bahamas: Une passion pour la musique live, les Bals populaires, depuis 20 ans sur les routes de Vend\u00e9e et partout en France.","robots":{"index":"index","follow":"follow","max-snippet":"max-snippet:-1","max-image-preview":"max-image-preview:large","max-video-preview":"max-video-preview:-1"},"canonical":"https:\/\/mintcream-louse-751971.hostingersite.com\/","og_locale":"fr_FR","og_type":"article","og_title":"L'Orchestre Bahamas en VEND\u00c9E : Bals, Mariages, Ev\u00e8nementiels","og_description":"L'Orchestre Bahamas en concert live, sc\u00e8ne ext\u00e9rieure pour Bal populaire et soir\u00e9es associatives","og_url":"https:\/\/mintcream-louse-751971.hostingersite.com\/","og_site_name":"Orchestre de VEND\u00c9E BAHAMAS - Orchestre Bahamas : Mariage, bals, noces, vari\u00e9t\u00e9s - Vend\u00e9e Pays de la Loire \u00e0 Palluau (85)","article_publisher":"https:\/\/www.facebook.com\/p\/Orchestre-Bahamas-100041518577628\/?locale=fr_FR","article_modified_time":"2025-06-30T10:52:45+00:00","og_image":[{"width":453,"height":243,"url":"https:\/\/mintcream-louse-751971.hostingersite.com\/wp-content\/uploads\/2025\/06\/logo2025.png","type":"image\/png"}],"twitter_card":"summary_large_image","twitter_misc":{"Dur\u00e9e de lecture estim\u00e9e":"2 minutes"},"schema":{"@context":"https:\/\/schema.org","@graph":[{"@type":"WebPage","@id":"https:\/\/mintcream-louse-751971.hostingersite.com\/","url":"https:\/\/mintcream-louse-751971.hostingersite.com\/","name":"L'Orchestre Bahamas en VEND\u00c9E : Bals, Mariages, Ev\u00e8nementiels","isPartOf":{"@id":"https:\/\/mintcream-louse-751971.hostingersite.com\/#website"},"primaryImageOfPage":{"@id":"https:\/\/mintcream-louse-751971.hostingersite.com\/#primaryimage"},"image":{"@id":"https:\/\/mintcream-louse-751971.hostingersite.com\/#primaryimage"},"thumbnailUrl":"https:\/\/mintcream-louse-751971.hostingersite.com\/wp-content\/uploads\/2025\/05\/Logo-Bahamas-2025.png","datePublished":"2025-05-19T09:56:43+00:00","dateModified":"2025-06-30T10:52:45+00:00","description":"L\u2019Orchestre Bahamas: Une passion pour la musique live, les Bals populaires, depuis 20 ans sur les routes de Vend\u00e9e et partout en France.","breadcrumb":{"@id":"https:\/\/mintcream-louse-751971.hostingersite.com\/#breadcrumb"},"inLanguage":"fr-FR","potentialAction":[{"@type":"ReadAction","target":["https:\/\/mintcream-louse-751971.hostingersite.com\/"]}]},{"@type":"ImageObject","inLanguage":"fr-FR","@id":"https:\/\/mintcream-louse-751971.hostingersite.com\/#primaryimage","url":"https:\/\/mintcream-louse-751971.hostingersite.com\/wp-content\/uploads\/2025\/05\/Logo-Bahamas-2025.png","contentUrl":"https:\/\/mintcream-louse-751971.hostingersite.com\/wp-content\/uploads\/2025\/05\/Logo-Bahamas-2025.png","width":461,"height":187,"caption":"Bal Populaire, mariage, concert, \u00e9v\u00e8nementiel d'entreprise, soir\u00e9e associative."},{"@type":"BreadcrumbList","@id":"https:\/\/mintcream-louse-751971.hostingersite.com\/#breadcrumb","itemListElement":[{"@type":"ListItem","position":1,"name":"Accueil","item":"https:\/\/mintcream-louse-751971.hostingersite.com\/"},{"@type":"ListItem","position":2,"name":"Accueil"}]},{"@type":"WebSite","@id":"https:\/\/mintcream-louse-751971.hostingersite.com\/#website","url":"https:\/\/mintcream-louse-751971.hostingersite.com\/","name":"L'Orchestre Bahamas : Mariage, bals, noces, vari\u00e9t\u00e9s - Vend\u00e9e Pays de la Loire \u00e0 Palluau (85)","description":"","publisher":{"@id":"https:\/\/mintcream-louse-751971.hostingersite.com\/#organization"},"potentialAction":[{"@type":"SearchAction","target":{"@type":"EntryPoint","urlTemplate":"https:\/\/mintcream-louse-751971.hostingersite.com\/?s={search_term_string}"},"query-input":{"@type":"PropertyValueSpecification","valueRequired":true,"valueName":"search_term_string"}}],"inLanguage":"fr-FR"},{"@type":"Organization","@id":"https:\/\/mintcream-louse-751971.hostingersite.com\/#organization","name":"L'Orchestre Bahamas en VEND\u00c9E - L'Orchestre Bahamas : Mariage, bals, noces, vari\u00e9t\u00e9s - Vend\u00e9e Pays de la Loire \u00e0 Palluau (85)","url":"https:\/\/mintcream-louse-751971.hostingersite.com\/","logo":{"@type":"ImageObject","inLanguage":"fr-FR","@id":"https:\/\/mintcream-louse-751971.hostingersite.com\/#\/schema\/logo\/image\/","url":"https:\/\/mintcream-louse-751971.hostingersite.com\/wp-content\/uploads\/2025\/06\/logo2025.png","contentUrl":"https:\/\/mintcream-louse-751971.hostingersite.com\/wp-content\/uploads\/2025\/06\/logo2025.png","width":453,"height":243,"caption":"L'Orchestre Bahamas en VEND\u00c9E - L'Orchestre Bahamas : Mariage, bals, noces, vari\u00e9t\u00e9s - Vend\u00e9e Pays de la Loire \u00e0 Palluau (85)"},"image":{"@id":"https:\/\/mintcream-louse-751971.hostingersite.com\/#\/schema\/logo\/image\/"},"sameAs":["https:\/\/www.facebook.com\/p\/Orchestre-Bahamas-100041518577628\/?locale=fr_FR"]}]}},"_links":{"self":[{"href":"https:\/\/mintcream-louse-751971.hostingersite.com\/index.php?rest_route=\/wp\/v2\/pages\/41","targetHints":{"allow":["GET"]}}],"collection":[{"href":"https:\/\/mintcream-louse-751971.hostingersite.com\/index.php?rest_route=\/wp\/v2\/pages"}],"about":[{"href":"https:\/\/mintcream-louse-751971.hostingersite.com\/index.php?rest_route=\/wp\/v2\/types\/page"}],"author":[{"embeddable":true,"href":"https:\/\/mintcream-louse-751971.hostingersite.com\/index.php?rest_route=\/wp\/v2\/users\/1"}],"replies":[{"embeddable":true,"href":"https:\/\/mintcream-louse-751971.hostingersite.com\/index.php?rest_route=%2Fwp%2Fv2%2Fcomments&post=41"}],"version-history":[{"count":113,"href":"https:\/\/mintcream-louse-751971.hostingersite.com\/index.php?rest_route=\/wp\/v2\/pages\/41\/revisions"}],"predecessor-version":[{"id":494,"href":"https:\/\/mintcream-louse-751971.hostingersite.com\/index.php?rest_route=\/wp\/v2\/pages\/41\/revisions\/494"}],"wp:featuredmedia":[{"embeddable":true,"href":"https:\/\/mintcream-louse-751971.hostingersite.com\/index.php?rest_route=\/wp\/v2\/media\/10"}],"wp:attachment":[{"href":"https:\/\/mintcream-louse-751971.hostingersite.com\/index.php?rest_route=%2Fwp%2Fv2%2Fmedia&parent=41"}],"curies":[{"name":"wp","href":"https:\/\/api.w.org\/{rel}","templated":true}]}}